{"id":1203,"date":"2023-05-15T14:45:14","date_gmt":"2023-05-15T14:45:14","guid":{"rendered":"https:\/\/www.fraisdevant.com\/our-values\/"},"modified":"2023-10-23T15:00:06","modified_gmt":"2023-10-23T15:00:06","slug":"our-values","status":"publish","type":"page","link":"https:\/\/www.fraisdevant.com\/en\/our-values\/","title":{"rendered":"Our values"},"content":{"rendered":"<section class=\"core-inline core-heading\" data-scroll-section><div class=\"container\">\n<h1 class=\"wp-block-heading has-text-align-center\">Our values<\/h1>\n<\/div><\/section>\n\n<section class=\"core-inline core-paragraph\" data-scroll-section><div class=\"container\">\n<p class=\"has-text-align-center is-style-body-small\">At FRAIS DEVANT, we are proud to stand by our values: sharing, taste, commitment, French origin and boldness, in the service of the taste and quality of the products we sell.<\/p>\n<\/div><\/section>\n\n<section class=\"acf texte-image-ronde\">\n            <div class=\"little-img\">\n            <picture>\n                <source type=\"image\/webp\"\n                    srcset=\"https:\/\/www.fraisdevant.com\/app\/uploads\/2023\/06\/jambon-italien-joconde-v3-1.webp, https:\/\/www.fraisdevant.com\/app\/uploads\/2023\/06\/jambon-italien-joconde-v3-1@2x.webp 2x\">\n                <source type=\"image\/jpeg\"\n                    srcset=\"https:\/\/www.fraisdevant.com\/app\/uploads\/2023\/06\/jambon-italien-joconde-v3-1.png, https:\/\/www.fraisdevant.com\/app\/uploads\/2023\/06\/jambon-italien-joconde-v3-1@2x.png 2x\">\n                <img decoding=\"async\" src=\"https:\/\/www.fraisdevant.com\/app\/uploads\/2023\/06\/jambon-italien-joconde-v3-1.png\" alt=\"\" \/>\n            <\/picture>\n        <\/div>\n        <div class=\"container\">\n        <div class=\"left\">\n                            <h2>A model of clarity<\/h2>\n                                        <div class=\"contain-txt\">\n                    <p><strong>FRAIS DEVANT<\/strong> is a young and friendly French brand, producing flavour and memories. We advocate for quality products to share, sourced from meticulously selected meats.<\/p>\n<p>At <strong>FRAIS DEVANT<\/strong>, we&#8217;ve long understood that it&#8217;s essential to focus on taste, quality, and accessibility.<\/p>\n<p>In 2022, our brand adopts a new identity, clearer and more legible. This makeover relies on a creative and offbeat approach with a new logo, a revamped graphic universe, new packs with unique hand-drawn illustrations that bring a personalised touch to the brand, and new products.<\/p>\n<p>FRAIS DEVANT changes its look with humour and boldness while remaining true to its deeply held convictions centred around its core values: sharing, taste, commitment, Made in France, and boldness.<\/p>\n\n                <\/div>\n                    <\/div>\n        <div class=\"right\">\n            <picture>\n                <source type=\"image\/webp\"\n                    srcset=\"https:\/\/www.fraisdevant.com\/app\/uploads\/2023\/06\/sandwich-pain-de-mie-hd-scaled.webp, https:\/\/www.fraisdevant.com\/app\/uploads\/2023\/06\/sandwich-pain-de-mie-hd-scaled@2x.webp 2x\">\n                <source type=\"image\/jpeg\"\n                    srcset=\"https:\/\/www.fraisdevant.com\/app\/uploads\/2023\/06\/sandwich-pain-de-mie-hd-scaled.jpg, https:\/\/www.fraisdevant.com\/app\/uploads\/2023\/06\/sandwich-pain-de-mie-hd-scaled@2x.jpg 2x\">\n                <img decoding=\"async\" src=\"https:\/\/www.fraisdevant.com\/app\/uploads\/2023\/06\/sandwich-pain-de-mie-hd-scaled.jpg\" alt=\"\" \/>\n            <\/picture>\n        <\/div>\n                    <div class=\"little-img\">\n                <picture>\n                    <source type=\"image\/webp\"\n                        srcset=\"https:\/\/www.fraisdevant.com\/app\/uploads\/2023\/06\/speck-jambon-sec-italie_v3-1.webp, https:\/\/www.fraisdevant.com\/app\/uploads\/2023\/06\/speck-jambon-sec-italie_v3-1@2x.webp 2x\">\n                    <source type=\"image\/jpeg\"\n                        srcset=\"https:\/\/www.fraisdevant.com\/app\/uploads\/2023\/06\/speck-jambon-sec-italie_v3-1.png, https:\/\/www.fraisdevant.com\/app\/uploads\/2023\/06\/speck-jambon-sec-italie_v3-1@2x.png 2x\">\n                    <img decoding=\"async\" src=\"https:\/\/www.fraisdevant.com\/app\/uploads\/2023\/06\/speck-jambon-sec-italie_v3-1.png\" alt=\"\" \/>\n                <\/picture>\n            <\/div>\n            <\/div>\n<\/section>\n\n<section class=\"core core-spacer\" data-scroll-section><div class=\"container\">\n<div style=\"height:1px\" aria-hidden=\"true\" id=\"nos-valeurs-ancrees\" class=\"wp-block-spacer\"><\/div>\n<\/div><\/section>\n\n<section class=\"acf liste-delements-avec-pictogramme-2\">\n    <div class=\"container\">\n                    <h2>Our deeply rooted values<\/h2>\n                            <div class=\"txt\">\n                <p>FRAIS DEVANT has more than one trick up its sleeve. Our brand positions itself close to customers and new consumption habits (French meat and organic sourcing) thanks to a top-quality and first-choice offering.<\/p>\n\n            <\/div>\n                                        <div class=\"elems swiper-slide slider-elements-picto\" id=\"swiper-slider-71281\">\n                <div class=\"contain-elements swiper-wrapper\">\n                                            <div class=\"elem swiper-slide\">\n                            <div class=\"picto\">\n                                <picture>\n                                    <source type=\"image\/webp\"\n                                        srcset=\"https:\/\/www.fraisdevant.com\/app\/uploads\/2023\/06\/partage.svg, https:\/\/www.fraisdevant.com\/app\/uploads\/2023\/06\/partage.svg 2x\">\n                                    <source type=\"image\/jpeg\"\n                                        srcset=\"https:\/\/www.fraisdevant.com\/app\/uploads\/2023\/06\/partage.svg, https:\/\/www.fraisdevant.com\/app\/uploads\/2023\/06\/partage.svg 2x\">\n                                    <img decoding=\"async\" src=\"https:\/\/www.fraisdevant.com\/app\/uploads\/2023\/06\/partage.svg\" alt=\"\" \/>\n                                <\/picture>\n                            <\/div>\n                                                            <span class=\"label\">Sharing<\/span>\n                                                                                        <div class=\"txt\"><p>Because conviviality and sharing are among the strong values we hold dear, FRAIS DEVANT positions itself close to the everyday lives of consumers.<\/p>\n<\/div>\n                                                    <\/div>\n                                            <div class=\"elem swiper-slide\">\n                            <div class=\"picto\">\n                                <picture>\n                                    <source type=\"image\/webp\"\n                                        srcset=\"https:\/\/www.fraisdevant.com\/app\/uploads\/2023\/06\/engagement.svg, https:\/\/www.fraisdevant.com\/app\/uploads\/2023\/06\/engagement.svg 2x\">\n                                    <source type=\"image\/jpeg\"\n                                        srcset=\"https:\/\/www.fraisdevant.com\/app\/uploads\/2023\/06\/engagement.svg, https:\/\/www.fraisdevant.com\/app\/uploads\/2023\/06\/engagement.svg 2x\">\n                                    <img decoding=\"async\" src=\"https:\/\/www.fraisdevant.com\/app\/uploads\/2023\/06\/engagement.svg\" alt=\"\" \/>\n                                <\/picture>\n                            <\/div>\n                                                            <span class=\"label\">Commitment<\/span>\n                                                                                        <div class=\"txt\"><p>FRAIS DEVANT is committed to animal welfare and the environment. Since 2017, FRAIS DEVANT has been working with a 100% organic French farming network, certified as &#8220;BIO Coh\u00e9rence&#8221; and &#8220;BIO Equitable in France&#8221;. These two labels ensure fair remuneration for farmers and respect for animal welfare and ecosystems (free-range farming, no slatted floors, and a minimum of 50% feed self-sufficiency&#8230;).<\/p>\n<\/div>\n                                                    <\/div>\n                                            <div class=\"elem swiper-slide\">\n                            <div class=\"picto\">\n                                <picture>\n                                    <source type=\"image\/webp\"\n                                        srcset=\"https:\/\/www.fraisdevant.com\/app\/uploads\/2023\/06\/gout.svg, https:\/\/www.fraisdevant.com\/app\/uploads\/2023\/06\/gout.svg 2x\">\n                                    <source type=\"image\/jpeg\"\n                                        srcset=\"https:\/\/www.fraisdevant.com\/app\/uploads\/2023\/06\/gout.svg, https:\/\/www.fraisdevant.com\/app\/uploads\/2023\/06\/gout.svg 2x\">\n                                    <img decoding=\"async\" src=\"https:\/\/www.fraisdevant.com\/app\/uploads\/2023\/06\/gout.svg\" alt=\"\" \/>\n                                <\/picture>\n                            <\/div>\n                                                            <span class=\"label\">Taste<\/span>\n                                                                                        <div class=\"txt\"><p>Taste, quality, and accessibility! That&#8217;s what we advocate every day. At FRAIS DEVANT, we are passionate about offering our customers exceptional meat. That&#8217;s why we select the best meats to produce our products, respecting the recipes and expertise of our regions (Auvergne, Pyr\u00e9n\u00e9es, Aveyron, Ile-de-Beaut\u00e9&#8230;).<\/p>\n<\/div>\n                                                    <\/div>\n                                            <div class=\"elem swiper-slide\">\n                            <div class=\"picto\">\n                                <picture>\n                                    <source type=\"image\/webp\"\n                                        srcset=\"https:\/\/www.fraisdevant.com\/app\/uploads\/2023\/06\/france-1blanc-1.svg, https:\/\/www.fraisdevant.com\/app\/uploads\/2023\/06\/france-1blanc-1.svg 2x\">\n                                    <source type=\"image\/jpeg\"\n                                        srcset=\"https:\/\/www.fraisdevant.com\/app\/uploads\/2023\/06\/france-1blanc-1.svg, https:\/\/www.fraisdevant.com\/app\/uploads\/2023\/06\/france-1blanc-1.svg 2x\">\n                                    <img decoding=\"async\" src=\"https:\/\/www.fraisdevant.com\/app\/uploads\/2023\/06\/france-1blanc-1.svg\" alt=\"\" \/>\n                                <\/picture>\n                            <\/div>\n                                                            <span class=\"label\">Made in France<\/span>\n                                                                                        <div class=\"txt\"><p>For its &#8216;Origin France&#8217; range, FRAIS DEVANT guarantees French meat, sourced from animals born and raised in France, and processed in France.<\/p>\n<\/div>\n                                                    <\/div>\n                                            <div class=\"elem swiper-slide\">\n                            <div class=\"picto\">\n                                <picture>\n                                    <source type=\"image\/webp\"\n                                        srcset=\"https:\/\/www.fraisdevant.com\/app\/uploads\/2023\/06\/light-bulb-blanc-1.svg, https:\/\/www.fraisdevant.com\/app\/uploads\/2023\/06\/light-bulb-blanc-1.svg 2x\">\n                                    <source type=\"image\/jpeg\"\n                                        srcset=\"https:\/\/www.fraisdevant.com\/app\/uploads\/2023\/06\/light-bulb-blanc-1.svg, https:\/\/www.fraisdevant.com\/app\/uploads\/2023\/06\/light-bulb-blanc-1.svg 2x\">\n                                    <img decoding=\"async\" src=\"https:\/\/www.fraisdevant.com\/app\/uploads\/2023\/06\/light-bulb-blanc-1.svg\" alt=\"\" \/>\n                                <\/picture>\n                            <\/div>\n                                                            <span class=\"label\">Boldness<\/span>\n                                                                                        <div class=\"txt\"><p>FRAIS DEVANT is a brand that dares! Young, modern, and offbeat, there&#8217;s no shortage of adjectives to describe FRAIS DEVANT. Our brand primarily embodies boldness and asserts its uniqueness in its convictions, choices, and its way of developing.<\/p>\n<\/div>\n                                                    <\/div>\n                                                                <div class=\"little-img\">\n                            <picture>\n                                <source type=\"image\/webp\"\n                                    srcset=\"https:\/\/www.fraisdevant.com\/app\/uploads\/2023\/06\/suisse_v3-2.svg, https:\/\/www.fraisdevant.com\/app\/uploads\/2023\/06\/suisse_v3-2.svg 2x\">\n                                <source type=\"image\/jpeg\"\n                                    srcset=\"https:\/\/www.fraisdevant.com\/app\/uploads\/2023\/06\/suisse_v3-2.svg, https:\/\/www.fraisdevant.com\/app\/uploads\/2023\/06\/suisse_v3-2.svg 2x\">\n                                <img decoding=\"async\" src=\"https:\/\/www.fraisdevant.com\/app\/uploads\/2023\/06\/suisse_v3-2.svg\" alt=\"\" \/>\n                            <\/picture>\n                        <\/div>\n                                    <\/div>\n                <div class=\"contain-navigation\">\n                    <div class=\"swiper-button-prev swiper-button-prev-elements-picto\"><\/div>\n                    <div class=\"swiper-pagination-bullets swiper-pagination-bullets-elements-picto\"><\/div>\n                    <div class=\"swiper-button-next swiper-button-next-elements-picto\"><\/div>\n                <\/div>\n            <\/div>\n            <\/div>\n<\/section>","protected":false},"excerpt":{"rendered":"<p>Our values At FRAIS DEVANT, we are proud to stand by our values: sharing, taste, commitment, French origin and boldness, in the service of the taste and quality of the products we sell.<\/p>\n","protected":false},"author":1,"featured_media":0,"parent":0,"menu_order":0,"comment_status":"closed","ping_status":"closed","template":"","meta":{"_acf_changed":false,"footnotes":""},"class_list":["post-1203","page","type-page","status-publish","hentry"],"acf":[],"yoast_head":"<!-- This site is optimized with the Yoast SEO plugin v27.1.1 - https:\/\/yoast.com\/product\/yoast-seo-wordpress\/ -->\n<title>Our values - Frais Devant<\/title>\n<meta name=\"description\" content=\"Sharing, Commitment, Boldness, Made in France, Taste: these values are deeply rooted and guide the daily actions of Frais Devant.\" \/>\n<meta name=\"robots\" content=\"index, follow, max-snippet:-1, max-image-preview:large, max-video-preview:-1\" \/>\n<link rel=\"canonical\" href=\"https:\/\/www.fraisdevant.com\/en\/our-values\/\" \/>\n<meta property=\"og:locale\" content=\"en_US\" \/>\n<meta property=\"og:type\" content=\"article\" \/>\n<meta property=\"og:title\" content=\"Our values - Frais Devant\" \/>\n<meta property=\"og:description\" content=\"Sharing, Commitment, Boldness, Made in France, Taste: these values are deeply rooted and guide the daily actions of Frais Devant.\" \/>\n<meta property=\"og:url\" content=\"https:\/\/www.fraisdevant.com\/en\/our-values\/\" \/>\n<meta property=\"og:site_name\" content=\"Frais Devant\" \/>\n<meta property=\"article:modified_time\" content=\"2023-10-23T15:00:06+00:00\" \/>\n<meta name=\"twitter:card\" content=\"summary_large_image\" \/>\n<meta name=\"twitter:label1\" content=\"Est. reading time\" \/>\n\t<meta name=\"twitter:data1\" content=\"1 minute\" \/>\n<script type=\"application\/ld+json\" class=\"yoast-schema-graph\">{\"@context\":\"https:\/\/schema.org\",\"@graph\":[{\"@type\":\"WebPage\",\"@id\":\"https:\/\/www.fraisdevant.com\/en\/our-values\/\",\"url\":\"https:\/\/www.fraisdevant.com\/en\/our-values\/\",\"name\":\"Our values - Frais Devant\",\"isPartOf\":{\"@id\":\"https:\/\/www.fraisdevant.com\/en\/#website\"},\"datePublished\":\"2023-05-15T14:45:14+00:00\",\"dateModified\":\"2023-10-23T15:00:06+00:00\",\"description\":\"Sharing, Commitment, Boldness, Made in France, Taste: these values are deeply rooted and guide the daily actions of Frais Devant.\",\"breadcrumb\":{\"@id\":\"https:\/\/www.fraisdevant.com\/en\/our-values\/#breadcrumb\"},\"inLanguage\":\"en-US\",\"potentialAction\":[{\"@type\":\"ReadAction\",\"target\":[\"https:\/\/www.fraisdevant.com\/en\/our-values\/\"]}]},{\"@type\":\"BreadcrumbList\",\"@id\":\"https:\/\/www.fraisdevant.com\/en\/our-values\/#breadcrumb\",\"itemListElement\":[{\"@type\":\"ListItem\",\"position\":1,\"name\":\"Home\",\"item\":\"https:\/\/www.fraisdevant.com\/en\/\"},{\"@type\":\"ListItem\",\"position\":2,\"name\":\"Our values\"}]},{\"@type\":\"WebSite\",\"@id\":\"https:\/\/www.fraisdevant.com\/en\/#website\",\"url\":\"https:\/\/www.fraisdevant.com\/en\/\",\"name\":\"Frais Devant\",\"description\":\"\",\"potentialAction\":[{\"@type\":\"SearchAction\",\"target\":{\"@type\":\"EntryPoint\",\"urlTemplate\":\"https:\/\/www.fraisdevant.com\/en\/?s={search_term_string}\"},\"query-input\":{\"@type\":\"PropertyValueSpecification\",\"valueRequired\":true,\"valueName\":\"search_term_string\"}}],\"inLanguage\":\"en-US\"}]}<\/script>\n<!-- \/ Yoast SEO plugin. -->","yoast_head_json":{"title":"Our values - Frais Devant","description":"Sharing, Commitment, Boldness, Made in France, Taste: these values are deeply rooted and guide the daily actions of Frais Devant.","robots":{"index":"index","follow":"follow","max-snippet":"max-snippet:-1","max-image-preview":"max-image-preview:large","max-video-preview":"max-video-preview:-1"},"canonical":"https:\/\/www.fraisdevant.com\/en\/our-values\/","og_locale":"en_US","og_type":"article","og_title":"Our values - Frais Devant","og_description":"Sharing, Commitment, Boldness, Made in France, Taste: these values are deeply rooted and guide the daily actions of Frais Devant.","og_url":"https:\/\/www.fraisdevant.com\/en\/our-values\/","og_site_name":"Frais Devant","article_modified_time":"2023-10-23T15:00:06+00:00","twitter_card":"summary_large_image","twitter_misc":{"Est. reading time":"1 minute"},"schema":{"@context":"https:\/\/schema.org","@graph":[{"@type":"WebPage","@id":"https:\/\/www.fraisdevant.com\/en\/our-values\/","url":"https:\/\/www.fraisdevant.com\/en\/our-values\/","name":"Our values - Frais Devant","isPartOf":{"@id":"https:\/\/www.fraisdevant.com\/en\/#website"},"datePublished":"2023-05-15T14:45:14+00:00","dateModified":"2023-10-23T15:00:06+00:00","description":"Sharing, Commitment, Boldness, Made in France, Taste: these values are deeply rooted and guide the daily actions of Frais Devant.","breadcrumb":{"@id":"https:\/\/www.fraisdevant.com\/en\/our-values\/#breadcrumb"},"inLanguage":"en-US","potentialAction":[{"@type":"ReadAction","target":["https:\/\/www.fraisdevant.com\/en\/our-values\/"]}]},{"@type":"BreadcrumbList","@id":"https:\/\/www.fraisdevant.com\/en\/our-values\/#breadcrumb","itemListElement":[{"@type":"ListItem","position":1,"name":"Home","item":"https:\/\/www.fraisdevant.com\/en\/"},{"@type":"ListItem","position":2,"name":"Our values"}]},{"@type":"WebSite","@id":"https:\/\/www.fraisdevant.com\/en\/#website","url":"https:\/\/www.fraisdevant.com\/en\/","name":"Frais Devant","description":"","potentialAction":[{"@type":"SearchAction","target":{"@type":"EntryPoint","urlTemplate":"https:\/\/www.fraisdevant.com\/en\/?s={search_term_string}"},"query-input":{"@type":"PropertyValueSpecification","valueRequired":true,"valueName":"search_term_string"}}],"inLanguage":"en-US"}]}},"_links":{"self":[{"href":"https:\/\/www.fraisdevant.com\/en\/wp-json\/wp\/v2\/pages\/1203","targetHints":{"allow":["GET"]}}],"collection":[{"href":"https:\/\/www.fraisdevant.com\/en\/wp-json\/wp\/v2\/pages"}],"about":[{"href":"https:\/\/www.fraisdevant.com\/en\/wp-json\/wp\/v2\/types\/page"}],"author":[{"embeddable":true,"href":"https:\/\/www.fraisdevant.com\/en\/wp-json\/wp\/v2\/users\/1"}],"replies":[{"embeddable":true,"href":"https:\/\/www.fraisdevant.com\/en\/wp-json\/wp\/v2\/comments?post=1203"}],"version-history":[{"count":23,"href":"https:\/\/www.fraisdevant.com\/en\/wp-json\/wp\/v2\/pages\/1203\/revisions"}],"predecessor-version":[{"id":1435,"href":"https:\/\/www.fraisdevant.com\/en\/wp-json\/wp\/v2\/pages\/1203\/revisions\/1435"}],"wp:attachment":[{"href":"https:\/\/www.fraisdevant.com\/en\/wp-json\/wp\/v2\/media?parent=1203"}],"curies":[{"name":"wp","href":"https:\/\/api.w.org\/{rel}","templated":true}]}}