{"id":1670,"date":"2023-05-15T14:45:14","date_gmt":"2023-05-15T14:45:14","guid":{"rendered":"https:\/\/www.fraisdevant.com?page_id=1670"},"modified":"2023-11-14T08:39:54","modified_gmt":"2023-11-14T08:39:54","slug":"unsere-werte","status":"publish","type":"page","link":"https:\/\/www.fraisdevant.com\/de\/unsere-werte\/","title":{"rendered":"Unsere Werte"},"content":{"rendered":"<section class=\"core-inline core-heading\" data-scroll-section><div class=\"container\">\n<h1 class=\"wp-block-heading has-text-align-center\">Unsere Werte<\/h1>\n<\/div><\/section>\n\n<section class=\"core-inline core-paragraph\" data-scroll-section><div class=\"container\">\n<p class=\"has-text-align-center is-style-body-small\">Wir bei FRAIS DEVANT sind stolz darauf, unsere Werte zu tragen: Teilen, Geschmack, Engagement, Herkunft Frankreich und K\u00fchnheit, im Dienste des Geschmacks und der Qualit\u00e4t der Produkte, die wir vermarkten.<\/p>\n<\/div><\/section>\n\n<section class=\"acf texte-image-ronde\">\n            <div class=\"little-img\">\n            <picture>\n                <source type=\"image\/webp\"\n                    srcset=\"https:\/\/www.fraisdevant.com\/app\/uploads\/2023\/06\/jambon-italien-joconde-v3-1.webp, https:\/\/www.fraisdevant.com\/app\/uploads\/2023\/06\/jambon-italien-joconde-v3-1@2x.webp 2x\">\n                <source type=\"image\/jpeg\"\n                    srcset=\"https:\/\/www.fraisdevant.com\/app\/uploads\/2023\/06\/jambon-italien-joconde-v3-1.png, https:\/\/www.fraisdevant.com\/app\/uploads\/2023\/06\/jambon-italien-joconde-v3-1@2x.png 2x\">\n                <img decoding=\"async\" src=\"https:\/\/www.fraisdevant.com\/app\/uploads\/2023\/06\/jambon-italien-joconde-v3-1.png\" alt=\"\" \/>\n            <\/picture>\n        <\/div>\n        <div class=\"container\">\n        <div class=\"left\">\n                            <h2>Ein Vorbild an Klarheit<\/h2>\n                                        <div class=\"contain-txt\">\n                    <p><strong>FRAIS DEVANT<\/strong> ist eine franz\u00f6sische, junge und gesellige Marke, die Geschmack und Erinnerungen produziert. Wir beanspruchen Qualit\u00e4tsprodukte, die man teilen kann und die von streng ausgew\u00e4hlten Fleischsorten stammen.<\/p>\n<p>Bei <strong>FRAIS DEVANT<\/strong> haben wir schon vor langer Zeit erkannt, dass wir uns auf das Wesentliche konzentrieren m\u00fcssen: Geschmack, Qualit\u00e4t und Erschwinglichkeit.<\/p>\n<p>Im Jahr 2022 erh\u00e4lt unsere Marke eine neue, besser lesbare und klarere Identit\u00e4t. Dieses Makeover st\u00fctzt sich auf einen kreativen und unkonventionellen Ansatz mit neuem Logo, einer \u00fcberarbeiteten Grafikwelt, neuen Packungen mit einzigartigen handgezeichneten Illustrationen, die der Marke eine pers\u00f6nliche Note verleihen, und neuen Produkten.<\/p>\n<p><strong>FRAIS DEVANT<\/strong> \u00e4ndert seinen Look mit Humor und K\u00fchnheit, ohne dabei seine \u00dcberzeugungen zu vernachl\u00e4ssigen, die um seine eigenen Werte herum verankert sind: Teilen, Geschmack, Engagement, Herkunft Frankreich und K\u00fchnheit.<\/p>\n\n                <\/div>\n                    <\/div>\n        <div class=\"right\">\n            <picture>\n                <source type=\"image\/webp\"\n                    srcset=\"https:\/\/www.fraisdevant.com\/app\/uploads\/2023\/06\/sandwich-pain-de-mie-hd-scaled.webp, https:\/\/www.fraisdevant.com\/app\/uploads\/2023\/06\/sandwich-pain-de-mie-hd-scaled@2x.webp 2x\">\n                <source type=\"image\/jpeg\"\n                    srcset=\"https:\/\/www.fraisdevant.com\/app\/uploads\/2023\/06\/sandwich-pain-de-mie-hd-scaled.jpg, https:\/\/www.fraisdevant.com\/app\/uploads\/2023\/06\/sandwich-pain-de-mie-hd-scaled@2x.jpg 2x\">\n                <img decoding=\"async\" src=\"https:\/\/www.fraisdevant.com\/app\/uploads\/2023\/06\/sandwich-pain-de-mie-hd-scaled.jpg\" alt=\"\" \/>\n            <\/picture>\n        <\/div>\n                    <div class=\"little-img\">\n                <picture>\n                    <source type=\"image\/webp\"\n                        srcset=\"https:\/\/www.fraisdevant.com\/app\/uploads\/2023\/06\/speck-jambon-sec-italie_v3-1.webp, https:\/\/www.fraisdevant.com\/app\/uploads\/2023\/06\/speck-jambon-sec-italie_v3-1@2x.webp 2x\">\n                    <source type=\"image\/jpeg\"\n                        srcset=\"https:\/\/www.fraisdevant.com\/app\/uploads\/2023\/06\/speck-jambon-sec-italie_v3-1.png, https:\/\/www.fraisdevant.com\/app\/uploads\/2023\/06\/speck-jambon-sec-italie_v3-1@2x.png 2x\">\n                    <img decoding=\"async\" src=\"https:\/\/www.fraisdevant.com\/app\/uploads\/2023\/06\/speck-jambon-sec-italie_v3-1.png\" alt=\"\" \/>\n                <\/picture>\n            <\/div>\n            <\/div>\n<\/section>\n\n<section class=\"core core-spacer\" data-scroll-section><div class=\"container\">\n<div style=\"height:1px\" aria-hidden=\"true\" id=\"nos-valeurs-ancrees\" class=\"wp-block-spacer\"><\/div>\n<\/div><\/section>\n\n<section class=\"acf liste-delements-avec-pictogramme-2\">\n    <div class=\"container\">\n                    <h2>Unsere verankerten Werte<\/h2>\n                            <div class=\"txt\">\n                <p>FRAIS DEVANT hat mehr als nur ein Ass im \u00c4rmel. Unsere Marke ist dank eines hochwertigen und erstklassigen Angebots ganz nah an den Kunden und den neuen Konsumgewohnheiten (franz\u00f6sisches Fleisch und BIO-Kette).<\/p>\n\n            <\/div>\n                                        <div class=\"elems swiper-slide slider-elements-picto\" id=\"swiper-slider-37602\">\n                <div class=\"contain-elements swiper-wrapper\">\n                                            <div class=\"elem swiper-slide\">\n                            <div class=\"picto\">\n                                <picture>\n                                    <source type=\"image\/webp\"\n                                        srcset=\"https:\/\/www.fraisdevant.com\/app\/uploads\/2023\/06\/partage.svg, https:\/\/www.fraisdevant.com\/app\/uploads\/2023\/06\/partage.svg 2x\">\n                                    <source type=\"image\/jpeg\"\n                                        srcset=\"https:\/\/www.fraisdevant.com\/app\/uploads\/2023\/06\/partage.svg, https:\/\/www.fraisdevant.com\/app\/uploads\/2023\/06\/partage.svg 2x\">\n                                    <img decoding=\"async\" src=\"https:\/\/www.fraisdevant.com\/app\/uploads\/2023\/06\/partage.svg\" alt=\"\" \/>\n                                <\/picture>\n                            <\/div>\n                                                            <span class=\"label\">Das Teilen<\/span>\n                                                                                        <div class=\"txt\"><p>Da Geselligkeit und Teilen zu den starken Werten geh\u00f6ren, denen wir uns verpflichtet f\u00fchlen, positioniert sich FRAIS DEVANT so nah wie m\u00f6glich am Alltag der Verbraucher.<\/p>\n<\/div>\n                                                    <\/div>\n                                            <div class=\"elem swiper-slide\">\n                            <div class=\"picto\">\n                                <picture>\n                                    <source type=\"image\/webp\"\n                                        srcset=\"https:\/\/www.fraisdevant.com\/app\/uploads\/2023\/06\/engagement.svg, https:\/\/www.fraisdevant.com\/app\/uploads\/2023\/06\/engagement.svg 2x\">\n                                    <source type=\"image\/jpeg\"\n                                        srcset=\"https:\/\/www.fraisdevant.com\/app\/uploads\/2023\/06\/engagement.svg, https:\/\/www.fraisdevant.com\/app\/uploads\/2023\/06\/engagement.svg 2x\">\n                                    <img decoding=\"async\" src=\"https:\/\/www.fraisdevant.com\/app\/uploads\/2023\/06\/engagement.svg\" alt=\"\" \/>\n                                <\/picture>\n                            <\/div>\n                                                            <span class=\"label\">Das Engagement<\/span>\n                                                                                        <div class=\"txt\"><p>FRAIS DEVANT setzt sich f\u00fcr das Wohlbefinden von Tieren und die Umwelt ein. Seit 2017 arbeitet FRAIS DEVANT mit einer franz\u00f6sischen Kette von 100% BIO-Z\u00fcchtern zusammen, die mit den Zertifikaten &#8220;BIO Coh\u00e9rence&#8221; und in &#8220;BIO Equitable en France&#8221; ausgezeichnet sind. Diese beiden Labels garantieren eine faire Bezahlung der Z\u00fcchter und die Einhaltung des Tierschutzes und der \u00d6kosysteme (Freilandhaltung, keine Vollspaltenb\u00f6den und mindestens 50 % Nahrungsautonomie&#8230;).<\/p>\n<\/div>\n                                                    <\/div>\n                                            <div class=\"elem swiper-slide\">\n                            <div class=\"picto\">\n                                <picture>\n                                    <source type=\"image\/webp\"\n                                        srcset=\"https:\/\/www.fraisdevant.com\/app\/uploads\/2023\/06\/gout.svg, https:\/\/www.fraisdevant.com\/app\/uploads\/2023\/06\/gout.svg 2x\">\n                                    <source type=\"image\/jpeg\"\n                                        srcset=\"https:\/\/www.fraisdevant.com\/app\/uploads\/2023\/06\/gout.svg, https:\/\/www.fraisdevant.com\/app\/uploads\/2023\/06\/gout.svg 2x\">\n                                    <img decoding=\"async\" src=\"https:\/\/www.fraisdevant.com\/app\/uploads\/2023\/06\/gout.svg\" alt=\"\" \/>\n                                <\/picture>\n                            <\/div>\n                                                            <span class=\"label\">Der Geschmack<\/span>\n                                                                                        <div class=\"txt\"><p>Geschmack, Qualit\u00e4t und Erschwinglichkeit! Das ist es, was wir jeden Tag predigen. Bei FRAIS DEVANT liegt es uns am Herzen, unseren Kunden au\u00dfergew\u00f6hnliches Fleisch anzubieten. Deshalb w\u00e4hlen wir f\u00fcr die Herstellung unserer Produkte das beste Fleisch aus und achten dabei auf die Rezepte und das Know-how unserer Regionen (Auvergne, Pyren\u00e4en, Aveyron, Ile-de-Beaut\u00e9&#8230;).<\/p>\n<\/div>\n                                                    <\/div>\n                                            <div class=\"elem swiper-slide\">\n                            <div class=\"picto\">\n                                <picture>\n                                    <source type=\"image\/webp\"\n                                        srcset=\"https:\/\/www.fraisdevant.com\/app\/uploads\/2023\/06\/france-1blanc-1.svg, https:\/\/www.fraisdevant.com\/app\/uploads\/2023\/06\/france-1blanc-1.svg 2x\">\n                                    <source type=\"image\/jpeg\"\n                                        srcset=\"https:\/\/www.fraisdevant.com\/app\/uploads\/2023\/06\/france-1blanc-1.svg, https:\/\/www.fraisdevant.com\/app\/uploads\/2023\/06\/france-1blanc-1.svg 2x\">\n                                    <img decoding=\"async\" src=\"https:\/\/www.fraisdevant.com\/app\/uploads\/2023\/06\/france-1blanc-1.svg\" alt=\"\" \/>\n                                <\/picture>\n                            <\/div>\n                                                            <span class=\"label\">Die Herkunft Frankreich<\/span>\n                                                                                        <div class=\"txt\"><p>F\u00fcr seine Produkte mit der Kennzeichnung &#8220;origine France&#8221; garantiert FRAIS DEVANT franz\u00f6sisches Fleisch, das von Tieren stammt, die in Frankreich geboren und aufgezogen und in Frankreich verarbeitet wurden.<\/p>\n<\/div>\n                                                    <\/div>\n                                            <div class=\"elem swiper-slide\">\n                            <div class=\"picto\">\n                                <picture>\n                                    <source type=\"image\/webp\"\n                                        srcset=\"https:\/\/www.fraisdevant.com\/app\/uploads\/2023\/06\/light-bulb-blanc-1.svg, https:\/\/www.fraisdevant.com\/app\/uploads\/2023\/06\/light-bulb-blanc-1.svg 2x\">\n                                    <source type=\"image\/jpeg\"\n                                        srcset=\"https:\/\/www.fraisdevant.com\/app\/uploads\/2023\/06\/light-bulb-blanc-1.svg, https:\/\/www.fraisdevant.com\/app\/uploads\/2023\/06\/light-bulb-blanc-1.svg 2x\">\n                                    <img decoding=\"async\" src=\"https:\/\/www.fraisdevant.com\/app\/uploads\/2023\/06\/light-bulb-blanc-1.svg\" alt=\"\" \/>\n                                <\/picture>\n                            <\/div>\n                                                            <span class=\"label\">K\u00fchnheit<\/span>\n                                                                                        <div class=\"txt\"><p>FRAIS DEVANT ist eine Marke, die sich traut! Jung, modern und unkonventionell &#8211; es mangelt nicht an Adjektiven, um FRAIS DEVANT zu beschreiben. Unsere Marke verk\u00f6rpert vor allem K\u00fchnheit und bekr\u00e4ftigt ihren Unterschied in ihren \u00dcberzeugungen, ihren Entscheidungen und der Art und Weise, wie sie sich entwickelt.<\/p>\n<\/div>\n                                                    <\/div>\n                                                                <div class=\"little-img\">\n                            <picture>\n                                <source type=\"image\/webp\"\n                                    srcset=\"https:\/\/www.fraisdevant.com\/app\/uploads\/2023\/06\/suisse_v3-2.svg, https:\/\/www.fraisdevant.com\/app\/uploads\/2023\/06\/suisse_v3-2.svg 2x\">\n                                <source type=\"image\/jpeg\"\n                                    srcset=\"https:\/\/www.fraisdevant.com\/app\/uploads\/2023\/06\/suisse_v3-2.svg, https:\/\/www.fraisdevant.com\/app\/uploads\/2023\/06\/suisse_v3-2.svg 2x\">\n                                <img decoding=\"async\" src=\"https:\/\/www.fraisdevant.com\/app\/uploads\/2023\/06\/suisse_v3-2.svg\" alt=\"\" \/>\n                            <\/picture>\n                        <\/div>\n                                    <\/div>\n                <div class=\"contain-navigation\">\n                    <div class=\"swiper-button-prev swiper-button-prev-elements-picto\"><\/div>\n                    <div class=\"swiper-pagination-bullets swiper-pagination-bullets-elements-picto\"><\/div>\n                    <div class=\"swiper-button-next swiper-button-next-elements-picto\"><\/div>\n                <\/div>\n            <\/div>\n            <\/div>\n<\/section>","protected":false},"excerpt":{"rendered":"<p>Unsere Werte Wir bei FRAIS DEVANT sind stolz darauf, unsere Werte zu tragen: Teilen, Geschmack, Engagement, Herkunft Frankreich und K\u00fchnheit, im Dienste des Geschmacks und der Qualit\u00e4t der Produkte, die wir vermarkten.<\/p>\n","protected":false},"author":3,"featured_media":0,"parent":0,"menu_order":0,"comment_status":"closed","ping_status":"closed","template":"","meta":{"_acf_changed":false,"footnotes":""},"class_list":["post-1670","page","type-page","status-publish","hentry"],"acf":[],"yoast_head":"<!-- This site is optimized with the Yoast SEO plugin v27.1.1 - https:\/\/yoast.com\/product\/yoast-seo-wordpress\/ -->\n<title>Unsere Werte - Frais Devant<\/title>\n<meta name=\"description\" content=\"Teilen, Engagement, Wagemut, Ursprung Frankreich, Geschmack: Diese Werte sind verankert und leiten t\u00e4glich die Aktionen von Ausgaben vor uns\" \/>\n<meta name=\"robots\" content=\"index, follow, max-snippet:-1, max-image-preview:large, max-video-preview:-1\" \/>\n<link rel=\"canonical\" href=\"https:\/\/www.fraisdevant.com\/de\/unsere-werte\/\" \/>\n<meta property=\"og:locale\" content=\"de_DE\" \/>\n<meta property=\"og:type\" content=\"article\" \/>\n<meta property=\"og:title\" content=\"Unsere Werte - Frais Devant\" \/>\n<meta property=\"og:description\" content=\"Teilen, Engagement, Wagemut, Ursprung Frankreich, Geschmack: Diese Werte sind verankert und leiten t\u00e4glich die Aktionen von Ausgaben vor uns\" \/>\n<meta property=\"og:url\" content=\"https:\/\/www.fraisdevant.com\/de\/unsere-werte\/\" \/>\n<meta property=\"og:site_name\" content=\"Frais Devant\" \/>\n<meta property=\"article:modified_time\" content=\"2023-11-14T08:39:54+00:00\" \/>\n<meta name=\"twitter:card\" content=\"summary_large_image\" \/>\n<meta name=\"twitter:label1\" content=\"Est. reading time\" \/>\n\t<meta name=\"twitter:data1\" content=\"1 minute\" \/>\n<script type=\"application\/ld+json\" class=\"yoast-schema-graph\">{\"@context\":\"https:\/\/schema.org\",\"@graph\":[{\"@type\":\"WebPage\",\"@id\":\"https:\/\/www.fraisdevant.com\/de\/unsere-werte\/\",\"url\":\"https:\/\/www.fraisdevant.com\/de\/unsere-werte\/\",\"name\":\"Unsere Werte - Frais Devant\",\"isPartOf\":{\"@id\":\"https:\/\/www.fraisdevant.com\/de\/#website\"},\"datePublished\":\"2023-05-15T14:45:14+00:00\",\"dateModified\":\"2023-11-14T08:39:54+00:00\",\"description\":\"Teilen, Engagement, Wagemut, Ursprung Frankreich, Geschmack: Diese Werte sind verankert und leiten t\u00e4glich die Aktionen von Ausgaben vor uns\",\"breadcrumb\":{\"@id\":\"https:\/\/www.fraisdevant.com\/de\/unsere-werte\/#breadcrumb\"},\"inLanguage\":\"de-DE\",\"potentialAction\":[{\"@type\":\"ReadAction\",\"target\":[\"https:\/\/www.fraisdevant.com\/de\/unsere-werte\/\"]}]},{\"@type\":\"BreadcrumbList\",\"@id\":\"https:\/\/www.fraisdevant.com\/de\/unsere-werte\/#breadcrumb\",\"itemListElement\":[{\"@type\":\"ListItem\",\"position\":1,\"name\":\"Empfang\",\"item\":\"https:\/\/www.fraisdevant.com\/de\/\"},{\"@type\":\"ListItem\",\"position\":2,\"name\":\"Unsere Werte\"}]},{\"@type\":\"WebSite\",\"@id\":\"https:\/\/www.fraisdevant.com\/de\/#website\",\"url\":\"https:\/\/www.fraisdevant.com\/de\/\",\"name\":\"Frais Devant\",\"description\":\"\",\"potentialAction\":[{\"@type\":\"SearchAction\",\"target\":{\"@type\":\"EntryPoint\",\"urlTemplate\":\"https:\/\/www.fraisdevant.com\/de\/?s={search_term_string}\"},\"query-input\":{\"@type\":\"PropertyValueSpecification\",\"valueRequired\":true,\"valueName\":\"search_term_string\"}}],\"inLanguage\":\"de-DE\"}]}<\/script>\n<!-- \/ Yoast SEO plugin. -->","yoast_head_json":{"title":"Unsere Werte - Frais Devant","description":"Teilen, Engagement, Wagemut, Ursprung Frankreich, Geschmack: Diese Werte sind verankert und leiten t\u00e4glich die Aktionen von Ausgaben vor uns","robots":{"index":"index","follow":"follow","max-snippet":"max-snippet:-1","max-image-preview":"max-image-preview:large","max-video-preview":"max-video-preview:-1"},"canonical":"https:\/\/www.fraisdevant.com\/de\/unsere-werte\/","og_locale":"de_DE","og_type":"article","og_title":"Unsere Werte - Frais Devant","og_description":"Teilen, Engagement, Wagemut, Ursprung Frankreich, Geschmack: Diese Werte sind verankert und leiten t\u00e4glich die Aktionen von Ausgaben vor uns","og_url":"https:\/\/www.fraisdevant.com\/de\/unsere-werte\/","og_site_name":"Frais Devant","article_modified_time":"2023-11-14T08:39:54+00:00","twitter_card":"summary_large_image","twitter_misc":{"Est. reading time":"1 minute"},"schema":{"@context":"https:\/\/schema.org","@graph":[{"@type":"WebPage","@id":"https:\/\/www.fraisdevant.com\/de\/unsere-werte\/","url":"https:\/\/www.fraisdevant.com\/de\/unsere-werte\/","name":"Unsere Werte - Frais Devant","isPartOf":{"@id":"https:\/\/www.fraisdevant.com\/de\/#website"},"datePublished":"2023-05-15T14:45:14+00:00","dateModified":"2023-11-14T08:39:54+00:00","description":"Teilen, Engagement, Wagemut, Ursprung Frankreich, Geschmack: Diese Werte sind verankert und leiten t\u00e4glich die Aktionen von Ausgaben vor uns","breadcrumb":{"@id":"https:\/\/www.fraisdevant.com\/de\/unsere-werte\/#breadcrumb"},"inLanguage":"de-DE","potentialAction":[{"@type":"ReadAction","target":["https:\/\/www.fraisdevant.com\/de\/unsere-werte\/"]}]},{"@type":"BreadcrumbList","@id":"https:\/\/www.fraisdevant.com\/de\/unsere-werte\/#breadcrumb","itemListElement":[{"@type":"ListItem","position":1,"name":"Empfang","item":"https:\/\/www.fraisdevant.com\/de\/"},{"@type":"ListItem","position":2,"name":"Unsere Werte"}]},{"@type":"WebSite","@id":"https:\/\/www.fraisdevant.com\/de\/#website","url":"https:\/\/www.fraisdevant.com\/de\/","name":"Frais Devant","description":"","potentialAction":[{"@type":"SearchAction","target":{"@type":"EntryPoint","urlTemplate":"https:\/\/www.fraisdevant.com\/de\/?s={search_term_string}"},"query-input":{"@type":"PropertyValueSpecification","valueRequired":true,"valueName":"search_term_string"}}],"inLanguage":"de-DE"}]}},"_links":{"self":[{"href":"https:\/\/www.fraisdevant.com\/de\/wp-json\/wp\/v2\/pages\/1670","targetHints":{"allow":["GET"]}}],"collection":[{"href":"https:\/\/www.fraisdevant.com\/de\/wp-json\/wp\/v2\/pages"}],"about":[{"href":"https:\/\/www.fraisdevant.com\/de\/wp-json\/wp\/v2\/types\/page"}],"author":[{"embeddable":true,"href":"https:\/\/www.fraisdevant.com\/de\/wp-json\/wp\/v2\/users\/3"}],"replies":[{"embeddable":true,"href":"https:\/\/www.fraisdevant.com\/de\/wp-json\/wp\/v2\/comments?post=1670"}],"version-history":[{"count":4,"href":"https:\/\/www.fraisdevant.com\/de\/wp-json\/wp\/v2\/pages\/1670\/revisions"}],"predecessor-version":[{"id":1983,"href":"https:\/\/www.fraisdevant.com\/de\/wp-json\/wp\/v2\/pages\/1670\/revisions\/1983"}],"wp:attachment":[{"href":"https:\/\/www.fraisdevant.com\/de\/wp-json\/wp\/v2\/media?parent=1670"}],"curies":[{"name":"wp","href":"https:\/\/api.w.org\/{rel}","templated":true}]}}