{"id":1649,"date":"2023-06-27T09:37:02","date_gmt":"2023-06-27T09:37:02","guid":{"rendered":"https:\/\/www.fraisdevant.com?page_id=1649"},"modified":"2023-11-13T11:14:58","modified_gmt":"2023-11-13T11:14:58","slug":"allgemeine-nutzungsbedingungen","status":"publish","type":"page","link":"https:\/\/www.fraisdevant.com\/de\/allgemeine-nutzungsbedingungen\/","title":{"rendered":"Allgemeine Nutzungsbedingungen"},"content":{"rendered":"<section class=\"core-inline core-paragraph\" data-scroll-section><div class=\"container\">\n<p><strong>Letzte Aktualisierung: Juni 2023<\/strong><\/p>\n<\/div><\/section>\n\n<section class=\"core-inline core-paragraph\" data-scroll-section><div class=\"container\">\n<p>Der Zugriff auf die Website www.fraisdevant.com (im Folgenden &#8220;Website&#8221;) und ihre Nutzung unterliegen den vorliegenden Allgemeinen Nutzungsbedingungen sowie den geltenden gesetzlichen Bestimmungen.<\/p>\n<\/div><\/section>\n\n<section class=\"core-inline core-paragraph\" data-scroll-section><div class=\"container\">\n<p><strong>Durch den Zugriff auf die Website akzeptiert der Nutzer die vorliegenden allgemeinen Nutzungsbedingungen ohne Einschr\u00e4nkung oder Vorbehalt und verpflichtet sich, sie einzuhalten.<\/strong><\/p>\n<\/div><\/section>\n\n<section class=\"core-inline core-list\" data-scroll-section><div class=\"container\">\n<ol class=\"wp-block-list\">\n<li><strong>Gegenstand und Pr\u00e4sentation der Website<\/strong><\/li>\n<\/ol>\n<\/div><\/section>\n\n<section class=\"core-inline core-paragraph\" data-scroll-section><div class=\"container\">\n<p>Die Website ist eine nicht kommerzielle Website, deren Zweck es ist, die Produkte und Dienstleistungen des Unternehmens FRAIS DEVANT vorzustellen und den Nutzern gegebenenfalls die M\u00f6glichkeit zu geben, das Unternehmen zu kontaktieren.<\/p>\n<\/div><\/section>\n\n<section class=\"core-inline core-list\" data-scroll-section><div class=\"container\">\n<ol class=\"wp-block-list\" start=\"2\">\n<li><strong>Informationen auf der Website<\/strong><\/li>\n<\/ol>\n<\/div><\/section>\n\n<section class=\"core-inline core-paragraph\" data-scroll-section><div class=\"container\">\n<p>Die Informationen auf der Website werden ausschlie\u00dflich zur allgemeinen Information der Nutzer bereitgestellt.<\/p>\n<\/div><\/section>\n\n<section class=\"core-inline core-paragraph\" data-scroll-section><div class=\"container\">\n<p>Obwohl das Unternehmen FRAIS DEVANT gr\u00f6\u00dfte Sorgfalt walten l\u00e4sst, um die Qualit\u00e4t und Zuverl\u00e4ssigkeit der auf der Website enthaltenen Informationen sicherzustellen, werden diese nur zu Informationszwecken ohne jegliche ausdr\u00fcckliche oder stillschweigende Garantie f\u00fcr die G\u00fcltigkeit, Vollst\u00e4ndigkeit oder Aktualit\u00e4t bereitgestellt. Dementsprechend erkennt der Besucher an, dass er diese Informationen auf eigene Verantwortung nutzt.<\/p>\n<\/div><\/section>\n\n<section class=\"core-inline core-paragraph\" data-scroll-section><div class=\"container\">\n<p>Das Unternehmen FRAIS DEVANT haftet nicht f\u00fcr das betr\u00fcgerische Eindringen eines Dritten in die Website, das zu einer \u00c4nderung der Informationen auf der Website gef\u00fchrt hat.<\/p>\n<\/div><\/section>\n\n<section class=\"core-inline core-list\" data-scroll-section><div class=\"container\">\n<ol class=\"wp-block-list\" start=\"3\">\n<li><strong>\u00c4nderung &#8211; Unterbrechung der Website<\/strong><\/li>\n<\/ol>\n<\/div><\/section>\n\n<section class=\"core-inline core-paragraph\" data-scroll-section><div class=\"container\">\n<p>Das Unternehmen FRAIS DEVANT beh\u00e4lt sich das Recht vor, den Inhalt der Website und der vorliegenden Allgemeinen Nutzungsbedingungen jederzeit und ohne Vorank\u00fcndigung zu \u00e4ndern, ohne dass das Unternehmen FRAIS DEVANT f\u00fcr die Folgen solcher \u00c4nderungen haftbar gemacht werden kann. In diesem Zusammenhang wird der Nutzer aufgefordert, die vorliegenden Allgemeinen Nutzungsbedingungen regelm\u00e4\u00dfig zur Kenntnis zu nehmen.<\/p>\n<\/div><\/section>\n\n<section class=\"core-inline core-paragraph\" data-scroll-section><div class=\"container\">\n<p>Dar\u00fcber hinaus beh\u00e4lt sich das Unternehmen FRAIS DEVANT das Recht vor, die Funktionen der Website jederzeit und ohne Vorank\u00fcndigung ganz oder teilweise zu unterbrechen oder auszusetzen.<\/p>\n<\/div><\/section>\n\n<section class=\"core-inline core-list\" data-scroll-section><div class=\"container\">\n<ol class=\"wp-block-list\" start=\"4\">\n<li><strong>Geistiges Eigentum<\/strong><\/li>\n<\/ol>\n<\/div><\/section>\n\n<section class=\"core-inline core-paragraph\" data-scroll-section><div class=\"container\">\n<p>Der Inhalt der Website, die allgemeine Struktur sowie Software, Texte, animierte oder nicht animierte Bilder, Fotografien und alle anderen Elemente, aus denen die Website besteht, sind ausschlie\u00dfliches Eigentum des Unternehmens FRAIS DEVANT oder von Dritten, die ihm die erforderlichen Rechte einger\u00e4umt haben.<\/p>\n<\/div><\/section>\n\n<section class=\"core-inline core-paragraph\" data-scroll-section><div class=\"container\">\n<p>Der Nutzer ist nur berechtigt, die Seiten der Website auf seinem Bildschirm darzustellen und hat das Recht, die Elemente des geistigen Eigentums der Website nur vor\u00fcbergehend und ausschlie\u00dflich zum Zweck der Konsultation der Website f\u00fcr seinen pers\u00f6nlichen und privaten Gebrauch zu nicht kommerziellen Zwecken zu reproduzieren.<\/p>\n<\/div><\/section>\n\n<section class=\"core-inline core-paragraph\" data-scroll-section><div class=\"container\">\n<p>Ohne vorherige schriftliche Genehmigung des Unternehmens FRAIS DEVANT ist es verboten, die Website oder Teile davon oder ihren Inhalt zu kopieren, herunterzuladen oder zu vervielf\u00e4ltigen.<\/p>\n<\/div><\/section>\n\n<section class=\"core-inline core-paragraph\" data-scroll-section><div class=\"container\">\n<p>Folglich stellt jede &#8211; auch teilweise &#8211; Darstellung oder Vervielf\u00e4ltigung der Website oder ihrer Bestandteile ohne die vorherige schriftliche Zustimmung von FRAIS DEVANT eine F\u00e4lschung dar, die durch das Gesetz zum Schutz des geistigen Eigentums geahndet wird und den F\u00e4lscher zivil- und strafrechtlich haftbar macht.&nbsp;<\/p>\n<\/div><\/section>\n\n<section class=\"core-inline core-paragraph\" data-scroll-section><div class=\"container\">\n<p>Dasselbe gilt f\u00fcr Datenbanken, die gegebenenfalls auf der Website enthalten sind und ebenfalls durch das Gesetz \u00fcber das geistige Eigentum gesch\u00fctzt sind.<\/p>\n<\/div><\/section>\n\n<section class=\"core-inline core-paragraph\" data-scroll-section><div class=\"container\">\n<p>Unterscheidungszeichen wie Domainnamen, Bezeichnungen, Handelsnamen, Marken, Logos, Zeichnungen und Modelle auf der Website sind durch das Gesetz \u00fcber geistiges Eigentum gesch\u00fctzt und das ausschlie\u00dfliche Eigentum von FRAIS DEVANT.<\/p>\n<\/div><\/section>\n\n<section class=\"core-inline core-paragraph\" data-scroll-section><div class=\"container\">\n<p>Jede vollst\u00e4ndige oder teilweise Vervielf\u00e4ltigung und\/oder Verwendung dieser Kennzeichen, die auf der Grundlage der Elemente der Website ohne die ausdr\u00fcckliche Genehmigung des Herausgebers der Website erfolgt, ist im Sinne des Gesetzes \u00fcber das geistige Eigentum verboten.<\/p>\n<\/div><\/section>\n\n<section class=\"core-inline core-list\" data-scroll-section><div class=\"container\">\n<ol class=\"wp-block-list\" start=\"5\">\n<li><strong>Ausschluss der Haftung<\/strong><\/li>\n<\/ol>\n<\/div><\/section>\n\n<section class=\"core-inline core-paragraph\" data-scroll-section><div class=\"container\">\n<p>Das Unternehmen FRAIS DEVANT bem\u00fcht sich nach besten Kr\u00e4ften, die Website jederzeit zug\u00e4nglich zu machen. Dennoch lehnt FRAIS DEVANT jede Haftung f\u00fcr Schwierigkeiten beim Zugriff auf die Website oder f\u00fcr Unterbrechungen der Verbindung, unabh\u00e4ngig von den Ursachen, ab. FRAIS DEVANT kann nicht f\u00fcr direkte oder indirekte Sch\u00e4den haftbar gemacht werden, unabh\u00e4ngig von deren Ursachen, Urspr\u00fcngen, Natur oder Folgen, die durch den Zugriff einer Person auf die Website oder die Unm\u00f6glichkeit des Zugriffs verursacht werden.<\/p>\n<\/div><\/section>\n\n<section class=\"core-inline core-paragraph\" data-scroll-section><div class=\"container\">\n<p>Generell haftet das Unternehmen FRAIS DEVANT nicht f\u00fcr Sch\u00e4den, die mit der Nutzung der Website verbunden sind, oder f\u00fcr Sch\u00e4den, die an der Computerausr\u00fcstung des Nutzers infolge seines Zugriffs auf die Website entstehen k\u00f6nnen, sowie f\u00fcr technische Probleme mit der Website und\/oder f\u00fcr Unterbrechungen der Website aus beliebigen Gr\u00fcnden, einschlie\u00dflich Wartungsarbeiten.<\/p>\n<\/div><\/section>\n\n<section class=\"core-inline core-paragraph\" data-scroll-section><div class=\"container\">\n<p>Das Unternehmen FRAIS DEVANT haftet nicht f\u00fcr das betr\u00fcgerische Eindringen eines Dritten in die Website, das eine \u00c4nderung der Informationen auf der Website zur Folge hat.<\/p>\n<\/div><\/section>\n\n<section class=\"core-inline core-list\" data-scroll-section><div class=\"container\">\n<ol class=\"wp-block-list\" start=\"6\">\n<li><strong>Hypertext-Links<\/strong><\/li>\n<\/ol>\n<\/div><\/section>\n\n<section class=\"core-inline core-paragraph\" data-scroll-section><div class=\"container\">\n<p>F\u00fcr Hyperlinks, die im Rahmen der Website zu anderen Websites im Internet eingerichtet werden, \u00fcbernimmt das Unternehmen FRAIS DEVANT keine Verantwortung f\u00fcr deren Inhalt oder die darin enthaltenen Links sowie f\u00fcr die Bedingungen, zu denen diese Links f\u00fchren. Die M\u00f6glichkeit, einfache Hypertext-Links zur Website einzurichten, unterliegt der vorherigen schriftlichen Zustimmung des Unternehmens FRAIS DEVANT, wobei diese Zustimmung jederzeit von diesem widerrufen werden kann.<\/p>\n<\/div><\/section>\n\n<section class=\"core-inline core-list\" data-scroll-section><div class=\"container\">\n<ol class=\"wp-block-list\" start=\"7\">\n<li><strong>Schutz personenbezogener Daten und Cookies<\/strong><\/li>\n<\/ol>\n<\/div><\/section>\n\n<section class=\"core-inline core-paragraph\" data-scroll-section><div class=\"container\">\n<p>F\u00fcr weitere Informationen \u00fcber die verwendeten Cookies sowie \u00fcber die Ma\u00dfnahmen, die zum Schutz personenbezogener Daten ergriffen werden, wird auf die <strong>Politik zum Datenschutz und zu Cookies verwiesen<\/strong> [Link muss noch eingef\u00fcgt werden].<\/p>\n<\/div><\/section>\n\n<section class=\"core-inline core-list\" data-scroll-section><div class=\"container\">\n<ol class=\"wp-block-list\" start=\"8\">\n<li><strong>Anwendbares Recht<\/strong><\/li>\n<\/ol>\n<\/div><\/section>\n\n<section class=\"core-inline core-paragraph\" data-scroll-section><div class=\"container\">\n<p>Die Website und ihr Inhalt unterliegen dem franz\u00f6sischen Recht.<\/p>\n<\/div><\/section>\n\n<section class=\"core-inline core-paragraph\" data-scroll-section><div class=\"container\">\n<p>Bei Fragen zu den vorliegenden allgemeinen Nutzungsbedingungen der Website k\u00f6nnen Sie uns unter folgender Adresse schreiben: bonjour@fraisdevant.com<\/p>\n<\/div><\/section>","protected":false},"excerpt":{"rendered":"<p>Letzte Aktualisierung: Juni 2023 Der Zugriff auf die Website www.fraisdevant.com (im Folgenden &#8220;Website&#8221;) und ihre Nutzung unterliegen den vorliegenden Allgemeinen Nutzungsbedingungen sowie den geltenden gesetzlichen Bestimmungen. Durch den Zugriff auf die Website akzeptiert der Nutzer die vorliegenden allgemeinen Nutzungsbedingungen ohne Einschr\u00e4nkung oder Vorbehalt und verpflichtet sich, sie einzuhalten. Die Website ist eine nicht kommerzielle Website, [&hellip;]<\/p>\n","protected":false},"author":3,"featured_media":0,"parent":0,"menu_order":0,"comment_status":"closed","ping_status":"closed","template":"","meta":{"_acf_changed":false,"footnotes":""},"class_list":["post-1649","page","type-page","status-publish","hentry"],"acf":[],"yoast_head":"<!-- This site is optimized with the Yoast SEO plugin v27.1.1 - https:\/\/yoast.com\/product\/yoast-seo-wordpress\/ -->\n<title>Allgemeine Nutzungsbedingungen - Frais Devant<\/title>\n<meta name=\"robots\" content=\"index, follow, max-snippet:-1, max-image-preview:large, max-video-preview:-1\" \/>\n<link rel=\"canonical\" href=\"https:\/\/www.fraisdevant.com\/de\/allgemeine-nutzungsbedingungen\/\" \/>\n<meta property=\"og:locale\" content=\"de_DE\" \/>\n<meta property=\"og:type\" content=\"article\" \/>\n<meta property=\"og:title\" content=\"Allgemeine Nutzungsbedingungen - Frais Devant\" \/>\n<meta property=\"og:description\" content=\"Letzte Aktualisierung: Juni 2023 Der Zugriff auf die Website www.fraisdevant.com (im Folgenden &#8220;Website&#8221;) und ihre Nutzung unterliegen den vorliegenden Allgemeinen Nutzungsbedingungen sowie den geltenden gesetzlichen Bestimmungen. Durch den Zugriff auf die Website akzeptiert der Nutzer die vorliegenden allgemeinen Nutzungsbedingungen ohne Einschr\u00e4nkung oder Vorbehalt und verpflichtet sich, sie einzuhalten. Die Website ist eine nicht kommerzielle Website, [&hellip;]\" \/>\n<meta property=\"og:url\" content=\"https:\/\/www.fraisdevant.com\/de\/allgemeine-nutzungsbedingungen\/\" \/>\n<meta property=\"og:site_name\" content=\"Frais Devant\" \/>\n<meta property=\"article:modified_time\" content=\"2023-11-13T11:14:58+00:00\" \/>\n<meta name=\"twitter:card\" content=\"summary_large_image\" \/>\n<meta name=\"twitter:label1\" content=\"Est. reading time\" \/>\n\t<meta name=\"twitter:data1\" content=\"5 minutes\" \/>\n<script type=\"application\/ld+json\" class=\"yoast-schema-graph\">{\"@context\":\"https:\/\/schema.org\",\"@graph\":[{\"@type\":\"WebPage\",\"@id\":\"https:\/\/www.fraisdevant.com\/de\/allgemeine-nutzungsbedingungen\/\",\"url\":\"https:\/\/www.fraisdevant.com\/de\/allgemeine-nutzungsbedingungen\/\",\"name\":\"Allgemeine Nutzungsbedingungen - Frais Devant\",\"isPartOf\":{\"@id\":\"https:\/\/www.fraisdevant.com\/de\/#website\"},\"datePublished\":\"2023-06-27T09:37:02+00:00\",\"dateModified\":\"2023-11-13T11:14:58+00:00\",\"breadcrumb\":{\"@id\":\"https:\/\/www.fraisdevant.com\/de\/allgemeine-nutzungsbedingungen\/#breadcrumb\"},\"inLanguage\":\"de-DE\",\"potentialAction\":[{\"@type\":\"ReadAction\",\"target\":[\"https:\/\/www.fraisdevant.com\/de\/allgemeine-nutzungsbedingungen\/\"]}]},{\"@type\":\"BreadcrumbList\",\"@id\":\"https:\/\/www.fraisdevant.com\/de\/allgemeine-nutzungsbedingungen\/#breadcrumb\",\"itemListElement\":[{\"@type\":\"ListItem\",\"position\":1,\"name\":\"Empfang\",\"item\":\"https:\/\/www.fraisdevant.com\/de\/\"},{\"@type\":\"ListItem\",\"position\":2,\"name\":\"Allgemeine Nutzungsbedingungen\"}]},{\"@type\":\"WebSite\",\"@id\":\"https:\/\/www.fraisdevant.com\/de\/#website\",\"url\":\"https:\/\/www.fraisdevant.com\/de\/\",\"name\":\"Frais Devant\",\"description\":\"\",\"potentialAction\":[{\"@type\":\"SearchAction\",\"target\":{\"@type\":\"EntryPoint\",\"urlTemplate\":\"https:\/\/www.fraisdevant.com\/de\/?s={search_term_string}\"},\"query-input\":{\"@type\":\"PropertyValueSpecification\",\"valueRequired\":true,\"valueName\":\"search_term_string\"}}],\"inLanguage\":\"de-DE\"}]}<\/script>\n<!-- \/ Yoast SEO plugin. -->","yoast_head_json":{"title":"Allgemeine Nutzungsbedingungen - Frais Devant","robots":{"index":"index","follow":"follow","max-snippet":"max-snippet:-1","max-image-preview":"max-image-preview:large","max-video-preview":"max-video-preview:-1"},"canonical":"https:\/\/www.fraisdevant.com\/de\/allgemeine-nutzungsbedingungen\/","og_locale":"de_DE","og_type":"article","og_title":"Allgemeine Nutzungsbedingungen - Frais Devant","og_description":"Letzte Aktualisierung: Juni 2023 Der Zugriff auf die Website www.fraisdevant.com (im Folgenden &#8220;Website&#8221;) und ihre Nutzung unterliegen den vorliegenden Allgemeinen Nutzungsbedingungen sowie den geltenden gesetzlichen Bestimmungen. Durch den Zugriff auf die Website akzeptiert der Nutzer die vorliegenden allgemeinen Nutzungsbedingungen ohne Einschr\u00e4nkung oder Vorbehalt und verpflichtet sich, sie einzuhalten. Die Website ist eine nicht kommerzielle Website, [&hellip;]","og_url":"https:\/\/www.fraisdevant.com\/de\/allgemeine-nutzungsbedingungen\/","og_site_name":"Frais Devant","article_modified_time":"2023-11-13T11:14:58+00:00","twitter_card":"summary_large_image","twitter_misc":{"Est. reading time":"5 minutes"},"schema":{"@context":"https:\/\/schema.org","@graph":[{"@type":"WebPage","@id":"https:\/\/www.fraisdevant.com\/de\/allgemeine-nutzungsbedingungen\/","url":"https:\/\/www.fraisdevant.com\/de\/allgemeine-nutzungsbedingungen\/","name":"Allgemeine Nutzungsbedingungen - Frais Devant","isPartOf":{"@id":"https:\/\/www.fraisdevant.com\/de\/#website"},"datePublished":"2023-06-27T09:37:02+00:00","dateModified":"2023-11-13T11:14:58+00:00","breadcrumb":{"@id":"https:\/\/www.fraisdevant.com\/de\/allgemeine-nutzungsbedingungen\/#breadcrumb"},"inLanguage":"de-DE","potentialAction":[{"@type":"ReadAction","target":["https:\/\/www.fraisdevant.com\/de\/allgemeine-nutzungsbedingungen\/"]}]},{"@type":"BreadcrumbList","@id":"https:\/\/www.fraisdevant.com\/de\/allgemeine-nutzungsbedingungen\/#breadcrumb","itemListElement":[{"@type":"ListItem","position":1,"name":"Empfang","item":"https:\/\/www.fraisdevant.com\/de\/"},{"@type":"ListItem","position":2,"name":"Allgemeine Nutzungsbedingungen"}]},{"@type":"WebSite","@id":"https:\/\/www.fraisdevant.com\/de\/#website","url":"https:\/\/www.fraisdevant.com\/de\/","name":"Frais Devant","description":"","potentialAction":[{"@type":"SearchAction","target":{"@type":"EntryPoint","urlTemplate":"https:\/\/www.fraisdevant.com\/de\/?s={search_term_string}"},"query-input":{"@type":"PropertyValueSpecification","valueRequired":true,"valueName":"search_term_string"}}],"inLanguage":"de-DE"}]}},"_links":{"self":[{"href":"https:\/\/www.fraisdevant.com\/de\/wp-json\/wp\/v2\/pages\/1649","targetHints":{"allow":["GET"]}}],"collection":[{"href":"https:\/\/www.fraisdevant.com\/de\/wp-json\/wp\/v2\/pages"}],"about":[{"href":"https:\/\/www.fraisdevant.com\/de\/wp-json\/wp\/v2\/types\/page"}],"author":[{"embeddable":true,"href":"https:\/\/www.fraisdevant.com\/de\/wp-json\/wp\/v2\/users\/3"}],"replies":[{"embeddable":true,"href":"https:\/\/www.fraisdevant.com\/de\/wp-json\/wp\/v2\/comments?post=1649"}],"version-history":[{"count":3,"href":"https:\/\/www.fraisdevant.com\/de\/wp-json\/wp\/v2\/pages\/1649\/revisions"}],"predecessor-version":[{"id":1977,"href":"https:\/\/www.fraisdevant.com\/de\/wp-json\/wp\/v2\/pages\/1649\/revisions\/1977"}],"wp:attachment":[{"href":"https:\/\/www.fraisdevant.com\/de\/wp-json\/wp\/v2\/media?parent=1649"}],"curies":[{"name":"wp","href":"https:\/\/api.w.org\/{rel}","templated":true}]}}